{"id":7089,"date":"2025-04-08T08:30:32","date_gmt":"2025-04-08T08:30:32","guid":{"rendered":"https:\/\/ksfogszabalyozas.hu\/?page_id=7089"},"modified":"2025-04-08T12:20:23","modified_gmt":"2025-04-08T12:20:23","slug":"altalanos-fogorvost-keresunk","status":"publish","type":"page","link":"https:\/\/ksfogszabalyozas.hu\/en\/altalanos-fogorvost-keresunk\/","title":{"rendered":"General dentist"},"content":{"rendered":"\t\t<div data-elementor-type=\"wp-page\" data-elementor-id=\"7089\" class=\"elementor elementor-7089\" data-elementor-post-type=\"page\">\n\t\t\t\t\t\t<section class=\"elementor-section elementor-top-section elementor-element elementor-element-f6fbcee elementor-section-full_width elementor-section-height-default elementor-section-height-default\" data-id=\"f6fbcee\" data-element_type=\"section\" data-e-type=\"section\" data-settings=\"{&quot;background_background&quot;:&quot;classic&quot;,&quot;jet_parallax_layout_list&quot;:[{&quot;jet_parallax_layout_image&quot;:{&quot;url&quot;:&quot;&quot;,&quot;id&quot;:&quot;&quot;,&quot;size&quot;:&quot;&quot;},&quot;_id&quot;:&quot;87640d5&quot;,&quot;jet_parallax_layout_image_tablet&quot;:{&quot;url&quot;:&quot;&quot;,&quot;id&quot;:&quot;&quot;,&quot;size&quot;:&quot;&quot;},&quot;jet_parallax_layout_image_mobile&quot;:{&quot;url&quot;:&quot;&quot;,&quot;id&quot;:&quot;&quot;,&quot;size&quot;:&quot;&quot;},&quot;jet_parallax_layout_speed&quot;:{&quot;unit&quot;:&quot;%&quot;,&quot;size&quot;:50,&quot;sizes&quot;:[]},&quot;jet_parallax_layout_type&quot;:&quot;scroll&quot;,&quot;jet_parallax_layout_direction&quot;:&quot;1&quot;,&quot;jet_parallax_layout_fx_direction&quot;:null,&quot;jet_parallax_layout_z_index&quot;:&quot;&quot;,&quot;jet_parallax_layout_bg_x&quot;:50,&quot;jet_parallax_layout_bg_x_tablet&quot;:&quot;&quot;,&quot;jet_parallax_layout_bg_x_mobile&quot;:&quot;&quot;,&quot;jet_parallax_layout_bg_y&quot;:50,&quot;jet_parallax_layout_bg_y_tablet&quot;:&quot;&quot;,&quot;jet_parallax_layout_bg_y_mobile&quot;:&quot;&quot;,&quot;jet_parallax_layout_bg_size&quot;:&quot;auto&quot;,&quot;jet_parallax_layout_bg_size_tablet&quot;:&quot;&quot;,&quot;jet_parallax_layout_bg_size_mobile&quot;:&quot;&quot;,&quot;jet_parallax_layout_animation_prop&quot;:&quot;transform&quot;,&quot;jet_parallax_layout_on&quot;:[&quot;desktop&quot;,&quot;tablet&quot;]}]}\">\n\t\t\t\t\t\t<div class=\"elementor-container elementor-column-gap-default\">\n\t\t\t\t\t<div class=\"elementor-column elementor-col-50 elementor-top-column elementor-element elementor-element-a2baadc\" data-id=\"a2baadc\" data-element_type=\"column\" data-e-type=\"column\">\n\t\t\t<div class=\"elementor-widget-wrap elementor-element-populated\">\n\t\t\t\t\t\t<div class=\"elementor-element elementor-element-8f9e7bb elementor-hidden-desktop elementor-widget elementor-widget-image\" data-id=\"8f9e7bb\" data-element_type=\"widget\" data-e-type=\"widget\" data-widget_type=\"image.default\">\n\t\t\t\t<div class=\"elementor-widget-container\">\n\t\t\t\t\t\t\t\t\t\t\t\t\t\t\t<img fetchpriority=\"high\" decoding=\"async\" width=\"1024\" height=\"682\" src=\"https:\/\/ksfogszabalyozas.hu\/wp-content\/uploads\/2023\/06\/fogszabalyozas-budapest-lathatatlan-fogszabalyozas-kovacs-sarolta-fogszabalyozo-studio-Large-1024x682.jpeg\" class=\"attachment-large size-large wp-image-4273\" alt=\"KS-Fogszabalyozo-studio-lathatalan-fogszabalyozas\" srcset=\"https:\/\/ksfogszabalyozas.hu\/wp-content\/uploads\/2023\/06\/fogszabalyozas-budapest-lathatatlan-fogszabalyozas-kovacs-sarolta-fogszabalyozo-studio-Large-1024x682.jpeg 1024w, https:\/\/ksfogszabalyozas.hu\/wp-content\/uploads\/2023\/06\/fogszabalyozas-budapest-lathatatlan-fogszabalyozas-kovacs-sarolta-fogszabalyozo-studio-Large-300x200.jpeg 300w, https:\/\/ksfogszabalyozas.hu\/wp-content\/uploads\/2023\/06\/fogszabalyozas-budapest-lathatatlan-fogszabalyozas-kovacs-sarolta-fogszabalyozo-studio-Large-768x512.jpeg 768w, https:\/\/ksfogszabalyozas.hu\/wp-content\/uploads\/2023\/06\/fogszabalyozas-budapest-lathatatlan-fogszabalyozas-kovacs-sarolta-fogszabalyozo-studio-Large.jpeg 1280w\" sizes=\"(max-width: 1024px) 100vw, 1024px\" \/>\t\t\t\t\t\t\t\t\t\t\t\t\t\t\t<\/div>\n\t\t\t\t<\/div>\n\t\t\t\t<div class=\"elementor-element elementor-element-ee91b98 elementor-widget__width-initial elementor-widget elementor-widget-heading\" data-id=\"ee91b98\" data-element_type=\"widget\" data-e-type=\"widget\" data-widget_type=\"heading.default\">\n\t\t\t\t<div class=\"elementor-widget-container\">\n\t\t\t\t\t<h1 class=\"elementor-heading-title elementor-size-default\">Fogorvos jelentkez\u00e9s\u00e9t<br>v\u00e1rjuk<\/h1>\t\t\t\t<\/div>\n\t\t\t\t<\/div>\n\t\t\t\t\t<\/div>\n\t\t<\/div>\n\t\t\t\t<div class=\"elementor-column elementor-col-50 elementor-top-column elementor-element elementor-element-c13fad4 elementor-hidden-tablet\" data-id=\"c13fad4\" data-element_type=\"column\" data-e-type=\"column\">\n\t\t\t<div class=\"elementor-widget-wrap\">\n\t\t\t\t\t\t\t<\/div>\n\t\t<\/div>\n\t\t\t\t\t<\/div>\n\t\t<\/section>\n\t\t\t\t<section class=\"elementor-section elementor-top-section elementor-element elementor-element-e7828ba elementor-section-boxed elementor-section-height-default elementor-section-height-default\" data-id=\"e7828ba\" data-element_type=\"section\" data-e-type=\"section\" data-settings=\"{&quot;background_background&quot;:&quot;classic&quot;,&quot;jet_parallax_layout_list&quot;:[{&quot;jet_parallax_layout_image&quot;:{&quot;url&quot;:&quot;&quot;,&quot;id&quot;:&quot;&quot;,&quot;size&quot;:&quot;&quot;},&quot;_id&quot;:&quot;22917fa&quot;,&quot;jet_parallax_layout_image_tablet&quot;:{&quot;url&quot;:&quot;&quot;,&quot;id&quot;:&quot;&quot;,&quot;size&quot;:&quot;&quot;},&quot;jet_parallax_layout_image_mobile&quot;:{&quot;url&quot;:&quot;&quot;,&quot;id&quot;:&quot;&quot;,&quot;size&quot;:&quot;&quot;},&quot;jet_parallax_layout_speed&quot;:{&quot;unit&quot;:&quot;%&quot;,&quot;size&quot;:50,&quot;sizes&quot;:[]},&quot;jet_parallax_layout_type&quot;:&quot;scroll&quot;,&quot;jet_parallax_layout_direction&quot;:&quot;1&quot;,&quot;jet_parallax_layout_fx_direction&quot;:null,&quot;jet_parallax_layout_z_index&quot;:&quot;&quot;,&quot;jet_parallax_layout_bg_x&quot;:50,&quot;jet_parallax_layout_bg_x_tablet&quot;:&quot;&quot;,&quot;jet_parallax_layout_bg_x_mobile&quot;:&quot;&quot;,&quot;jet_parallax_layout_bg_y&quot;:50,&quot;jet_parallax_layout_bg_y_tablet&quot;:&quot;&quot;,&quot;jet_parallax_layout_bg_y_mobile&quot;:&quot;&quot;,&quot;jet_parallax_layout_bg_size&quot;:&quot;auto&quot;,&quot;jet_parallax_layout_bg_size_tablet&quot;:&quot;&quot;,&quot;jet_parallax_layout_bg_size_mobile&quot;:&quot;&quot;,&quot;jet_parallax_layout_animation_prop&quot;:&quot;transform&quot;,&quot;jet_parallax_layout_on&quot;:[&quot;desktop&quot;,&quot;tablet&quot;]}]}\">\n\t\t\t\t\t\t<div class=\"elementor-container elementor-column-gap-default\">\n\t\t\t\t\t<div class=\"elementor-column elementor-col-100 elementor-top-column elementor-element elementor-element-e5cced0\" data-id=\"e5cced0\" data-element_type=\"column\" data-e-type=\"column\">\n\t\t\t<div class=\"elementor-widget-wrap elementor-element-populated\">\n\t\t\t\t\t\t<div class=\"elementor-element elementor-element-d1cbe3a elementor-widget__width-initial elementor-widget elementor-widget-heading\" data-id=\"d1cbe3a\" data-element_type=\"widget\" data-e-type=\"widget\" data-widget_type=\"heading.default\">\n\t\t\t\t<div class=\"elementor-widget-container\">\n\t\t\t\t\t<h2 class=\"elementor-heading-title elementor-size-default\">R\u00f3lunk<\/h2>\t\t\t\t<\/div>\n\t\t\t\t<\/div>\n\t\t\t\t<div class=\"elementor-element elementor-element-8c5bba3 elementor-widget-divider--view-line elementor-widget elementor-widget-divider\" data-id=\"8c5bba3\" data-element_type=\"widget\" data-e-type=\"widget\" data-widget_type=\"divider.default\">\n\t\t\t\t<div class=\"elementor-widget-container\">\n\t\t\t\t\t\t\t<div class=\"elementor-divider\">\n\t\t\t<span class=\"elementor-divider-separator\">\n\t\t\t\t\t\t<\/span>\n\t\t<\/div>\n\t\t\t\t\t\t<\/div>\n\t\t\t\t<\/div>\n\t\t\t\t<div class=\"elementor-element elementor-element-b305721 elementor-widget elementor-widget-text-editor\" data-id=\"b305721\" data-element_type=\"widget\" data-e-type=\"widget\" data-widget_type=\"text-editor.default\">\n\t\t\t\t<div class=\"elementor-widget-container\">\n\t\t\t\t\t\t\t\t\t<p>Felgyorsult vil\u00e1gunkban, ahol a t\u00f6meggy\u00e1rt\u00e1s ir\u00e1ny\u00e1ba mutat minden, fontos sz\u00e1munkra, hogy p\u00e1cienseink egy\u00e9ni ig\u00e9nyeire kiemelt figyelmet ford\u00edtsunk, sz\u00e1munkra \u0150k az els\u0151k. Mi \u00edgy szeret\u00fcnk seg\u00edteni, gy\u00f3gy\u00edtani.<br><\/p>\n<p>Foszab\u00e1lyoz\u00f3 St\u00fadi\u00f3nk a pr\u00e9mium, digit\u00e1lis fogszab\u00e1lyoz\u00e1si szolg\u00e1ltat\u00e1sok mellett, elk\u00f6telezett a k\u00f6rnyezettudatos sz\u00e1j\u00e1pol\u00e1s ir\u00e1nt. T\u00f6reksz\u00fcnk ezt a szeml\u00e9letet a kezel\u0151sz\u00e9ken t\u00falra is kiterjeszteni k\u00fcl\u00f6nb\u00f6z\u0151 programokkal \u00e9s kamp\u00e1nyokkal.<\/p>\t\t\t\t\t\t\t\t<\/div>\n\t\t\t\t<\/div>\n\t\t\t\t<div class=\"elementor-element elementor-element-ccd5e8f elementor-widget__width-initial elementor-widget elementor-widget-heading\" data-id=\"ccd5e8f\" data-element_type=\"widget\" data-e-type=\"widget\" data-widget_type=\"heading.default\">\n\t\t\t\t<div class=\"elementor-widget-container\">\n\t\t\t\t\t<h2 class=\"elementor-heading-title elementor-size-default\">Kit keres\u00fcnk<\/h2>\t\t\t\t<\/div>\n\t\t\t\t<\/div>\n\t\t\t\t<div class=\"elementor-element elementor-element-ead69bd elementor-widget-divider--view-line elementor-widget elementor-widget-divider\" data-id=\"ead69bd\" data-element_type=\"widget\" data-e-type=\"widget\" data-widget_type=\"divider.default\">\n\t\t\t\t<div class=\"elementor-widget-container\">\n\t\t\t\t\t\t\t<div class=\"elementor-divider\">\n\t\t\t<span class=\"elementor-divider-separator\">\n\t\t\t\t\t\t<\/span>\n\t\t<\/div>\n\t\t\t\t\t\t<\/div>\n\t\t\t\t<\/div>\n\t\t\t\t<div class=\"elementor-element elementor-element-781c8b6 elementor-widget elementor-widget-text-editor\" data-id=\"781c8b6\" data-element_type=\"widget\" data-e-type=\"widget\" data-widget_type=\"text-editor.default\">\n\t\t\t\t<div class=\"elementor-widget-container\">\n\t\t\t\t\t\t\t\t\t<p>Fogorvos munkat\u00e1rsat keres\u00fcnk rendel\u0151nkbe.\u00a0<span style=\"font-size: 17px; font-weight: 400; letter-spacing: 0px;\">Szeretettel v\u00e1rjuk jelentkez\u00e9sed pr\u00e9muim Fogszab\u00e1lyoz\u00f3 St\u00fadi\u00f3nkba.\u00a0<\/span><\/p><p>C\u00e9lunk, hogy olyan elk\u00f6telezett, empatikus \u00e9s bar\u00e1ts\u00e1gos koll\u00e9g\u00e1t tal\u00e1ljunk, aki hozz\u00e1j\u00e1rul a p\u00e1cienseink k\u00e9nyelm\u00e9hez \u00e9s p\u00e1cienseink eg\u00e9szs\u00e9ges \u00e9s magabiztos mosoly\u00e1hoz.<\/p>\t\t\t\t\t\t\t\t<\/div>\n\t\t\t\t<\/div>\n\t\t\t\t<div class=\"elementor-element elementor-element-eb48e0c elementor-widget__width-initial elementor-widget elementor-widget-heading\" data-id=\"eb48e0c\" data-element_type=\"widget\" data-e-type=\"widget\" data-widget_type=\"heading.default\">\n\t\t\t\t<div class=\"elementor-widget-container\">\n\t\t\t\t\t<h2 class=\"elementor-heading-title elementor-size-default\">Amit ny\u00fajtunk<\/h2>\t\t\t\t<\/div>\n\t\t\t\t<\/div>\n\t\t\t\t<div class=\"elementor-element elementor-element-1e91323 elementor-widget-divider--view-line elementor-widget elementor-widget-divider\" data-id=\"1e91323\" data-element_type=\"widget\" data-e-type=\"widget\" data-widget_type=\"divider.default\">\n\t\t\t\t<div class=\"elementor-widget-container\">\n\t\t\t\t\t\t\t<div class=\"elementor-divider\">\n\t\t\t<span class=\"elementor-divider-separator\">\n\t\t\t\t\t\t<\/span>\n\t\t<\/div>\n\t\t\t\t\t\t<\/div>\n\t\t\t\t<\/div>\n\t\t\t\t<div class=\"elementor-element elementor-element-b1d6ef0 elementor-widget__width-initial elementor-widget elementor-widget-text-editor\" data-id=\"b1d6ef0\" data-element_type=\"widget\" data-e-type=\"widget\" data-widget_type=\"text-editor.default\">\n\t\t\t\t<div class=\"elementor-widget-container\">\n\t\t\t\t\t\t\t\t\t<p>A Fogszab\u00e1lyoz\u00f3 St\u00fadi\u00f3 pap\u00edrmentesen digit\u00e1lisan m\u0171k\u00f6dig, igyeksz\u00fcnk a lehet\u0151 legkisebb \u00f6kol\u00f3gia l\u00e1bnyomot hagyni. Ez a pap\u00edrmentes m\u0171k\u00f6d\u00e9st\u0151l eg\u00e9szen a felhaszn\u00e1lt anyagok \u00e9s fog\u00e1pol\u00e1si eszk\u00f6z\u00f6kre is kiterjed. K\u00fcldet\u00e9s\u00fcnk, hogy p\u00e1cienseink eg\u00e9szs\u00e9ges \u00e9s sz\u00e9p magabiztos mosollyal tudjanak \u00faj \u00e9letet kezdeni kezel\u00e9seink ut\u00e1n. Rendel\u0151nk n\u00e9gy \u00e9ve \u00fczemel \u00e9s fogszab\u00e1lyoz\u00e1s, valamint dent\u00e1lhig\u00e9niai kezel\u00e9sek \u00e9s \u00fczlet\u00e1gak mell\u00e9 szeretn\u00e9nk b\u0151v\u00fclni eszt\u00e9tikai \u00e9s konzerv\u00e1l\u00f3 fog\u00e1szati \u00fczlet\u00e1ggal is.<\/p><ul><li>Pontos \u00e9s prec\u00edz elsz\u00e1mol\u00e1s, teljes\u00edtm\u00e9ny alap\u00fa korrekt b\u00e9rez\u00e9s meg\u00e1llapod\u00e1s szerint<\/li><li>R\u00e9szmunkaid\u0151 vagy f\u0151\u00e1ll\u00e1s, de minimum heti 2 m\u0171szak sz\u00fcks\u00e9ges az els\u0151 id\u0151szakban.<\/li><li>Fogszab\u00e1lyoz\u00e1s el\u0151tti konzerv\u00e1l\u00f3, fogp\u00f3tl\u00e1si munka, eszt\u00e9tikai fog\u00e1szati kezel\u00e9sek.<\/li><li>Asszisztenst, anyagokat, eszk\u00f6z\u00f6ket biztos\u00edtjuk<\/li><li>Csal\u00e1dias rendel\u0151, bar\u00e1ts\u00e1gos \u00f6sszetart\u00f3 csapat, csal\u00e1dbar\u00e1t munkak\u00f6rnyezet<\/li><li>High-tech, innovat\u00edv rendel\u0151, szakmai t\u00e1mogat\u00e1s.<\/li><li>Az alapk\u00e9pz\u00e9seken fel\u00fcl minden koll\u00e9g\u00e1nk r\u00e9sz\u00e9re biztos\u00edtunk el\u0151re megbesz\u00e9l\u00e9s szerint tov\u00e1bbi kett\u0151 tov\u00e1bbk\u00e9pz\u00e9st egy\u00e9ni fejl\u0151d\u00e9si ig\u00e9nyekre hangolva.<\/li><li>Fontos sz\u00e1munkra a karrier\u00edv \u00e9s a hossz\u00fat\u00e1v\u00fa fejl\u0151d\u00e9si c\u00e9lok t\u00e1mogat\u00e1sa.<\/li><li>Hossz\u00fat\u00e1vra tervez\u00fcnk, ez\u00e9rt az \u0151szintes\u00e9g \u00e9s a korrekt egy\u00fcttm\u0171k\u00f6d\u00e9sre t\u00f6reksz\u00fcnk minden koll\u00e9g\u00e1val \u00e9s partnerrel.<\/li><\/ul>\t\t\t\t\t\t\t\t<\/div>\n\t\t\t\t<\/div>\n\t\t\t\t<div class=\"elementor-element elementor-element-6117583 elementor-widget__width-initial elementor-widget elementor-widget-heading\" data-id=\"6117583\" data-element_type=\"widget\" data-e-type=\"widget\" data-widget_type=\"heading.default\">\n\t\t\t\t<div class=\"elementor-widget-container\">\n\t\t\t\t\t<h2 class=\"elementor-heading-title elementor-size-default\">Mit v\u00e1runk t\u0151led<\/h2>\t\t\t\t<\/div>\n\t\t\t\t<\/div>\n\t\t\t\t<div class=\"elementor-element elementor-element-6fe4a3a elementor-widget-divider--view-line elementor-widget elementor-widget-divider\" data-id=\"6fe4a3a\" data-element_type=\"widget\" data-e-type=\"widget\" data-widget_type=\"divider.default\">\n\t\t\t\t<div class=\"elementor-widget-container\">\n\t\t\t\t\t\t\t<div class=\"elementor-divider\">\n\t\t\t<span class=\"elementor-divider-separator\">\n\t\t\t\t\t\t<\/span>\n\t\t<\/div>\n\t\t\t\t\t\t<\/div>\n\t\t\t\t<\/div>\n\t\t\t\t<div class=\"elementor-element elementor-element-76d0980 elementor-widget__width-initial elementor-widget elementor-widget-text-editor\" data-id=\"76d0980\" data-element_type=\"widget\" data-e-type=\"widget\" data-widget_type=\"text-editor.default\">\n\t\t\t\t<div class=\"elementor-widget-container\">\n\t\t\t\t\t\t\t\t\t<ul>\n<li>Szakmai elk\u00f6telezetts\u00e9get \u00e9s 2-3 \u00e9ves szakmai tapasztalat<\/li>\n<li>Kiv\u00e1l\u00f3 magyar nyelvtud\u00e1st, el\u0151ny az angol, de asszisztenseink kiv\u00e1l\u00f3an besz\u00e9lnek angolul<\/li>\n<li>Szakmai fejl\u0151d\u00e9si ig\u00e9ny, bels\u0151 motiv\u00e1ci\u00f3, hogy p\u00e1cienseink a lehet\u0151 legjobb kezel\u00e9st kapj\u00e1k St\u00fadi\u00f3nkban<\/li>\n<\/ul>\t\t\t\t\t\t\t\t<\/div>\n\t\t\t\t<\/div>\n\t\t\t\t<div class=\"elementor-element elementor-element-c133f07 elementor-widget__width-initial elementor-widget-tablet__width-initial elementor-widget elementor-widget-heading\" data-id=\"c133f07\" data-element_type=\"widget\" data-e-type=\"widget\" data-widget_type=\"heading.default\">\n\t\t\t\t<div class=\"elementor-widget-container\">\n\t\t\t\t\t<h2 class=\"elementor-heading-title elementor-size-default\">Amit k\u00edn\u00e1lunk, ahogy dolgozunk<\/h2>\t\t\t\t<\/div>\n\t\t\t\t<\/div>\n\t\t\t\t<div class=\"elementor-element elementor-element-4e382af elementor-widget-divider--view-line elementor-widget elementor-widget-divider\" data-id=\"4e382af\" data-element_type=\"widget\" data-e-type=\"widget\" data-widget_type=\"divider.default\">\n\t\t\t\t<div class=\"elementor-widget-container\">\n\t\t\t\t\t\t\t<div class=\"elementor-divider\">\n\t\t\t<span class=\"elementor-divider-separator\">\n\t\t\t\t\t\t<\/span>\n\t\t<\/div>\n\t\t\t\t\t\t<\/div>\n\t\t\t\t<\/div>\n\t\t\t\t<div class=\"elementor-element elementor-element-3ba0b01 elementor-widget__width-initial elementor-widget elementor-widget-text-editor\" data-id=\"3ba0b01\" data-element_type=\"widget\" data-e-type=\"widget\" data-widget_type=\"text-editor.default\">\n\t\t\t\t<div class=\"elementor-widget-container\">\n\t\t\t\t\t\t\t\t\t<ul><li style=\"text-align: left;\">Modern munkak\u00f6rnyezet \u00e9s technol\u00f3giai h\u00e1tt\u00e9r. (pl. pap\u00edrmentes dokument\u00e1ci\u00f3, digit\u00e1lis high-tech megold\u00e1sok)<\/li><li style=\"text-align: left;\">J\u00f3l kidolgozott, egyszer\u0171en k\u00f6vethet\u0151 protokollokat.<\/li><li style=\"text-align: left;\">Szakmai fejl\u0151d\u00e9si \u00e9s tov\u00e1bbk\u00e9pz\u00e9si lehet\u0151s\u00e9gek.<\/li><li style=\"text-align: left;\">Bar\u00e1ts\u00e1gos \u00e9s \u00f6sszetart\u00f3 csapatot.<\/li><li style=\"text-align: left;\">Inspir\u00e1l\u00f3, motiv\u00e1l\u00f3 vezet\u00e9st.<\/li><li style=\"text-align: left;\">K\u00f6z\u00f6s meg\u00e1llapod\u00e1son alapul\u00f3 egy\u00fcttm\u0171k\u00f6d\u00e9st.<\/li><\/ul><div style=\"text-align: left;\">\u00a0<\/div>\t\t\t\t\t\t\t\t<\/div>\n\t\t\t\t<\/div>\n\t\t\t\t<div class=\"elementor-element elementor-element-3c6045b elementor-widget__width-initial elementor-widget elementor-widget-heading\" data-id=\"3c6045b\" data-element_type=\"widget\" data-e-type=\"widget\" data-widget_type=\"heading.default\">\n\t\t\t\t<div class=\"elementor-widget-container\">\n\t\t\t\t\t<h2 class=\"elementor-heading-title elementor-size-default\">Jelentkez\u00e9s<\/h2>\t\t\t\t<\/div>\n\t\t\t\t<\/div>\n\t\t\t\t<div class=\"elementor-element elementor-element-ef29833 elementor-widget-divider--view-line elementor-widget elementor-widget-divider\" data-id=\"ef29833\" data-element_type=\"widget\" data-e-type=\"widget\" data-widget_type=\"divider.default\">\n\t\t\t\t<div class=\"elementor-widget-container\">\n\t\t\t\t\t\t\t<div class=\"elementor-divider\">\n\t\t\t<span class=\"elementor-divider-separator\">\n\t\t\t\t\t\t<\/span>\n\t\t<\/div>\n\t\t\t\t\t\t<\/div>\n\t\t\t\t<\/div>\n\t\t\t\t<div class=\"elementor-element elementor-element-996dad9 elementor-widget elementor-widget-text-editor\" data-id=\"996dad9\" data-element_type=\"widget\" data-e-type=\"widget\" data-widget_type=\"text-editor.default\">\n\t\t\t\t<div class=\"elementor-widget-container\">\n\t\t\t\t\t\t\t\t\t<p>Amennyiben sz\u00edvesen csatlakozn\u00e1l hozz\u00e1nk, k\u00e9r\u00fcnk \u00edrj n\u00e9h\u00e1ny sort, hogy eddig milyen tapasztalatokkal rendelkezel \u00e9s mi\u00e9rt szeretn\u00e9l n\u00e1lunk dolgozni az <strong>iroda@ksfogszabalyozas.hu<\/strong> e-mail c\u00edmre. Ezut\u00e1n felvessz\u00fck veled a kapcsolatot.<\/p><p>A t\u00e1rgy mez\u0151ben t\u00fcntesd fel a k\u00f6vetkez\u0151t: \u00c1<span style=\"font-size: 17px; font-style: normal; font-weight: 400;\">ll\u00e1sjelentkez\u00e9s | Fogorvos<\/span><span style=\"font-size: 17px; font-weight: 400; letter-spacing: 0px;\">\u00a0|\u00a0<\/span><span style=\"font-size: 17px; font-weight: 400; letter-spacing: 0px;\">Neved<\/span><\/p><p><em style=\"font-size: 17px; font-weight: 400; letter-spacing: 0px;\">Szeretettel v\u00e1runk a csapatunkba!<\/em><\/p>\t\t\t\t\t\t\t\t<\/div>\n\t\t\t\t<\/div>\n\t\t\t\t\t<\/div>\n\t\t<\/div>\n\t\t\t\t\t<\/div>\n\t\t<\/section>\n\t\t\t\t<\/div>\n\t\t","protected":false},"excerpt":{"rendered":"<p>Fogorvos jelentkez\u00e9s\u00e9tv\u00e1rjuk R\u00f3lunk Felgyorsult vil\u00e1gunkban, ahol a t\u00f6meggy\u00e1rt\u00e1s ir\u00e1ny\u00e1ba mutat minden, fontos sz\u00e1munkra, hogy p\u00e1cienseink egy\u00e9ni ig\u00e9nyeire kiemelt figyelmet ford\u00edtsunk, sz\u00e1munkra \u0150k az els\u0151k. Mi \u00edgy szeret\u00fcnk seg\u00edteni, gy\u00f3gy\u00edtani. Foszab\u00e1lyoz\u00f3 St\u00fadi\u00f3nk a pr\u00e9mium, digit\u00e1lis fogszab\u00e1lyoz\u00e1si szolg\u00e1ltat\u00e1sok mellett, elk\u00f6telezett a k\u00f6rnyezettudatos sz\u00e1j\u00e1pol\u00e1s ir\u00e1nt. T\u00f6reksz\u00fcnk ezt a szeml\u00e9letet a kezel\u0151sz\u00e9ken t\u00falra is kiterjeszteni k\u00fcl\u00f6nb\u00f6z\u0151 programokkal \u00e9s kamp\u00e1nyokkal. [&hellip;]<\/p>\n","protected":false},"author":2,"featured_media":7099,"parent":0,"menu_order":0,"comment_status":"closed","ping_status":"closed","template":"","meta":{"site-sidebar-layout":"no-sidebar","site-content-layout":"page-builder","ast-site-content-layout":"full-width-container","site-content-style":"unboxed","site-sidebar-style":"unboxed","ast-global-header-display":"","ast-banner-title-visibility":"","ast-main-header-display":"","ast-hfb-above-header-display":"","ast-hfb-below-header-display":"","ast-hfb-mobile-header-display":"","site-post-title":"disabled","ast-breadcrumbs-content":"","ast-featured-img":"disabled","footer-sml-layout":"","ast-disable-related-posts":"","theme-transparent-header-meta":"default","adv-header-id-meta":"","stick-header-meta":"","header-above-stick-meta":"","header-main-stick-meta":"","header-below-stick-meta":"","astra-migrate-meta-layouts":"set","ast-page-background-enabled":"default","ast-page-background-meta":{"desktop":{"background-color":"","background-image":"","background-repeat":"repeat","background-position":"center center","background-size":"auto","background-attachment":"scroll","background-type":"","background-media":"","overlay-type":"","overlay-color":"","overlay-opacity":"","overlay-gradient":""},"tablet":{"background-color":"","background-image":"","background-repeat":"repeat","background-position":"center center","background-size":"auto","background-attachment":"scroll","background-type":"","background-media":"","overlay-type":"","overlay-color":"","overlay-opacity":"","overlay-gradient":""},"mobile":{"background-color":"","background-image":"","background-repeat":"repeat","background-position":"center center","background-size":"auto","background-attachment":"scroll","background-type":"","background-media":"","overlay-type":"","overlay-color":"","overlay-opacity":"","overlay-gradient":""}},"ast-content-background-meta":{"desktop":{"background-color":"var(--ast-global-color-5)","background-image":"","background-repeat":"repeat","background-position":"center center","background-size":"auto","background-attachment":"scroll","background-type":"","background-media":"","overlay-type":"","overlay-color":"","overlay-opacity":"","overlay-gradient":""},"tablet":{"background-color":"var(--ast-global-color-5)","background-image":"","background-repeat":"repeat","background-position":"center center","background-size":"auto","background-attachment":"scroll","background-type":"","background-media":"","overlay-type":"","overlay-color":"","overlay-opacity":"","overlay-gradient":""},"mobile":{"background-color":"var(--ast-global-color-5)","background-image":"","background-repeat":"repeat","background-position":"center center","background-size":"auto","background-attachment":"scroll","background-type":"","background-media":"","overlay-type":"","overlay-color":"","overlay-opacity":"","overlay-gradient":""}},"footnotes":""},"class_list":["post-7089","page","type-page","status-publish","has-post-thumbnail","hentry"],"_links":{"self":[{"href":"https:\/\/ksfogszabalyozas.hu\/en\/wp-json\/wp\/v2\/pages\/7089","targetHints":{"allow":["GET"]}}],"collection":[{"href":"https:\/\/ksfogszabalyozas.hu\/en\/wp-json\/wp\/v2\/pages"}],"about":[{"href":"https:\/\/ksfogszabalyozas.hu\/en\/wp-json\/wp\/v2\/types\/page"}],"author":[{"embeddable":true,"href":"https:\/\/ksfogszabalyozas.hu\/en\/wp-json\/wp\/v2\/users\/2"}],"replies":[{"embeddable":true,"href":"https:\/\/ksfogszabalyozas.hu\/en\/wp-json\/wp\/v2\/comments?post=7089"}],"version-history":[{"count":0,"href":"https:\/\/ksfogszabalyozas.hu\/en\/wp-json\/wp\/v2\/pages\/7089\/revisions"}],"wp:featuredmedia":[{"embeddable":true,"href":"https:\/\/ksfogszabalyozas.hu\/en\/wp-json\/wp\/v2\/media\/7099"}],"wp:attachment":[{"href":"https:\/\/ksfogszabalyozas.hu\/en\/wp-json\/wp\/v2\/media?parent=7089"}],"curies":[{"name":"wp","href":"https:\/\/api.w.org\/{rel}","templated":true}]}}