{"id":6659,"date":"2024-01-05T19:33:42","date_gmt":"2024-01-05T19:33:42","guid":{"rendered":"https:\/\/ksfogszabalyozas.hu\/fogszabalyozo-asszisztens-copy\/"},"modified":"2024-02-19T09:11:34","modified_gmt":"2024-02-19T09:11:34","slug":"dentalhigienikus-allas","status":"publish","type":"page","link":"https:\/\/ksfogszabalyozas.hu\/en\/dentalhigienikus-allas\/","title":{"rendered":"Dental hygienist job"},"content":{"rendered":"\t\t<div data-elementor-type=\"wp-page\" data-elementor-id=\"6659\" class=\"elementor elementor-6659\" data-elementor-post-type=\"page\">\n\t\t\t\t\t\t<section class=\"elementor-section elementor-top-section elementor-element elementor-element-f6fbcee elementor-section-full_width elementor-section-height-default elementor-section-height-default\" data-id=\"f6fbcee\" data-element_type=\"section\" data-e-type=\"section\" data-settings=\"{&quot;background_background&quot;:&quot;classic&quot;,&quot;jet_parallax_layout_list&quot;:[{&quot;jet_parallax_layout_image&quot;:{&quot;url&quot;:&quot;&quot;,&quot;id&quot;:&quot;&quot;,&quot;size&quot;:&quot;&quot;},&quot;_id&quot;:&quot;87640d5&quot;,&quot;jet_parallax_layout_image_tablet&quot;:{&quot;url&quot;:&quot;&quot;,&quot;id&quot;:&quot;&quot;,&quot;size&quot;:&quot;&quot;},&quot;jet_parallax_layout_image_mobile&quot;:{&quot;url&quot;:&quot;&quot;,&quot;id&quot;:&quot;&quot;,&quot;size&quot;:&quot;&quot;},&quot;jet_parallax_layout_speed&quot;:{&quot;unit&quot;:&quot;%&quot;,&quot;size&quot;:50,&quot;sizes&quot;:[]},&quot;jet_parallax_layout_type&quot;:&quot;scroll&quot;,&quot;jet_parallax_layout_direction&quot;:&quot;1&quot;,&quot;jet_parallax_layout_fx_direction&quot;:null,&quot;jet_parallax_layout_z_index&quot;:&quot;&quot;,&quot;jet_parallax_layout_bg_x&quot;:50,&quot;jet_parallax_layout_bg_x_tablet&quot;:&quot;&quot;,&quot;jet_parallax_layout_bg_x_mobile&quot;:&quot;&quot;,&quot;jet_parallax_layout_bg_y&quot;:50,&quot;jet_parallax_layout_bg_y_tablet&quot;:&quot;&quot;,&quot;jet_parallax_layout_bg_y_mobile&quot;:&quot;&quot;,&quot;jet_parallax_layout_bg_size&quot;:&quot;auto&quot;,&quot;jet_parallax_layout_bg_size_tablet&quot;:&quot;&quot;,&quot;jet_parallax_layout_bg_size_mobile&quot;:&quot;&quot;,&quot;jet_parallax_layout_animation_prop&quot;:&quot;transform&quot;,&quot;jet_parallax_layout_on&quot;:[&quot;desktop&quot;,&quot;tablet&quot;]}]}\">\n\t\t\t\t\t\t<div class=\"elementor-container elementor-column-gap-default\">\n\t\t\t\t\t<div class=\"elementor-column elementor-col-50 elementor-top-column elementor-element elementor-element-a2baadc\" data-id=\"a2baadc\" data-element_type=\"column\" data-e-type=\"column\">\n\t\t\t<div class=\"elementor-widget-wrap elementor-element-populated\">\n\t\t\t\t\t\t<div class=\"elementor-element elementor-element-8f9e7bb elementor-hidden-desktop elementor-widget elementor-widget-image\" data-id=\"8f9e7bb\" data-element_type=\"widget\" data-e-type=\"widget\" data-widget_type=\"image.default\">\n\t\t\t\t<div class=\"elementor-widget-container\">\n\t\t\t\t\t\t\t\t\t\t\t\t\t\t\t<img fetchpriority=\"high\" decoding=\"async\" width=\"1024\" height=\"682\" src=\"https:\/\/ksfogszabalyozas.hu\/wp-content\/uploads\/2023\/06\/fogszabalyozas-budapest-lathatatlan-fogszabalyozas-kovacs-sarolta-fogszabalyozo-studio-Large-1024x682.jpeg\" class=\"attachment-large size-large wp-image-4273\" alt=\"KS-Fogszabalyozo-studio-lathatalan-fogszabalyozas\" srcset=\"https:\/\/ksfogszabalyozas.hu\/wp-content\/uploads\/2023\/06\/fogszabalyozas-budapest-lathatatlan-fogszabalyozas-kovacs-sarolta-fogszabalyozo-studio-Large-1024x682.jpeg 1024w, https:\/\/ksfogszabalyozas.hu\/wp-content\/uploads\/2023\/06\/fogszabalyozas-budapest-lathatatlan-fogszabalyozas-kovacs-sarolta-fogszabalyozo-studio-Large-300x200.jpeg 300w, https:\/\/ksfogszabalyozas.hu\/wp-content\/uploads\/2023\/06\/fogszabalyozas-budapest-lathatatlan-fogszabalyozas-kovacs-sarolta-fogszabalyozo-studio-Large-768x512.jpeg 768w, https:\/\/ksfogszabalyozas.hu\/wp-content\/uploads\/2023\/06\/fogszabalyozas-budapest-lathatatlan-fogszabalyozas-kovacs-sarolta-fogszabalyozo-studio-Large.jpeg 1280w\" sizes=\"(max-width: 1024px) 100vw, 1024px\" \/>\t\t\t\t\t\t\t\t\t\t\t\t\t\t\t<\/div>\n\t\t\t\t<\/div>\n\t\t\t\t<div class=\"elementor-element elementor-element-ee91b98 elementor-widget__width-initial elementor-widget elementor-widget-heading\" data-id=\"ee91b98\" data-element_type=\"widget\" data-e-type=\"widget\" data-widget_type=\"heading.default\">\n\t\t\t\t<div class=\"elementor-widget-container\">\n\t\t\t\t\t<h1 class=\"elementor-heading-title elementor-size-default\">Dent\u00e1lhigi\u00e9nikus<br>\u00e1ll\u00e1s<\/h1>\t\t\t\t<\/div>\n\t\t\t\t<\/div>\n\t\t\t\t\t<\/div>\n\t\t<\/div>\n\t\t\t\t<div class=\"elementor-column elementor-col-50 elementor-top-column elementor-element elementor-element-c13fad4 elementor-hidden-tablet\" data-id=\"c13fad4\" data-element_type=\"column\" data-e-type=\"column\">\n\t\t\t<div class=\"elementor-widget-wrap\">\n\t\t\t\t\t\t\t<\/div>\n\t\t<\/div>\n\t\t\t\t\t<\/div>\n\t\t<\/section>\n\t\t\t\t<section class=\"elementor-section elementor-top-section elementor-element elementor-element-e7828ba elementor-section-boxed elementor-section-height-default elementor-section-height-default\" data-id=\"e7828ba\" data-element_type=\"section\" data-e-type=\"section\" data-settings=\"{&quot;background_background&quot;:&quot;classic&quot;,&quot;jet_parallax_layout_list&quot;:[{&quot;jet_parallax_layout_image&quot;:{&quot;url&quot;:&quot;&quot;,&quot;id&quot;:&quot;&quot;,&quot;size&quot;:&quot;&quot;},&quot;_id&quot;:&quot;22917fa&quot;,&quot;jet_parallax_layout_image_tablet&quot;:{&quot;url&quot;:&quot;&quot;,&quot;id&quot;:&quot;&quot;,&quot;size&quot;:&quot;&quot;},&quot;jet_parallax_layout_image_mobile&quot;:{&quot;url&quot;:&quot;&quot;,&quot;id&quot;:&quot;&quot;,&quot;size&quot;:&quot;&quot;},&quot;jet_parallax_layout_speed&quot;:{&quot;unit&quot;:&quot;%&quot;,&quot;size&quot;:50,&quot;sizes&quot;:[]},&quot;jet_parallax_layout_type&quot;:&quot;scroll&quot;,&quot;jet_parallax_layout_direction&quot;:&quot;1&quot;,&quot;jet_parallax_layout_fx_direction&quot;:null,&quot;jet_parallax_layout_z_index&quot;:&quot;&quot;,&quot;jet_parallax_layout_bg_x&quot;:50,&quot;jet_parallax_layout_bg_x_tablet&quot;:&quot;&quot;,&quot;jet_parallax_layout_bg_x_mobile&quot;:&quot;&quot;,&quot;jet_parallax_layout_bg_y&quot;:50,&quot;jet_parallax_layout_bg_y_tablet&quot;:&quot;&quot;,&quot;jet_parallax_layout_bg_y_mobile&quot;:&quot;&quot;,&quot;jet_parallax_layout_bg_size&quot;:&quot;auto&quot;,&quot;jet_parallax_layout_bg_size_tablet&quot;:&quot;&quot;,&quot;jet_parallax_layout_bg_size_mobile&quot;:&quot;&quot;,&quot;jet_parallax_layout_animation_prop&quot;:&quot;transform&quot;,&quot;jet_parallax_layout_on&quot;:[&quot;desktop&quot;,&quot;tablet&quot;]}]}\">\n\t\t\t\t\t\t<div class=\"elementor-container elementor-column-gap-default\">\n\t\t\t\t\t<div class=\"elementor-column elementor-col-100 elementor-top-column elementor-element elementor-element-e5cced0\" data-id=\"e5cced0\" data-element_type=\"column\" data-e-type=\"column\">\n\t\t\t<div class=\"elementor-widget-wrap elementor-element-populated\">\n\t\t\t\t\t\t<div class=\"elementor-element elementor-element-d1cbe3a elementor-widget__width-initial elementor-widget elementor-widget-heading\" data-id=\"d1cbe3a\" data-element_type=\"widget\" data-e-type=\"widget\" data-widget_type=\"heading.default\">\n\t\t\t\t<div class=\"elementor-widget-container\">\n\t\t\t\t\t<h2 class=\"elementor-heading-title elementor-size-default\">R\u00f3lunk<\/h2>\t\t\t\t<\/div>\n\t\t\t\t<\/div>\n\t\t\t\t<div class=\"elementor-element elementor-element-ead69bd elementor-widget-divider--view-line elementor-widget elementor-widget-divider\" data-id=\"ead69bd\" data-element_type=\"widget\" data-e-type=\"widget\" data-widget_type=\"divider.default\">\n\t\t\t\t<div class=\"elementor-widget-container\">\n\t\t\t\t\t\t\t<div class=\"elementor-divider\">\n\t\t\t<span class=\"elementor-divider-separator\">\n\t\t\t\t\t\t<\/span>\n\t\t<\/div>\n\t\t\t\t\t\t<\/div>\n\t\t\t\t<\/div>\n\t\t\t\t<div class=\"elementor-element elementor-element-b305721 elementor-widget elementor-widget-text-editor\" data-id=\"b305721\" data-element_type=\"widget\" data-e-type=\"widget\" data-widget_type=\"text-editor.default\">\n\t\t\t\t<div class=\"elementor-widget-container\">\n\t\t\t\t\t\t\t\t\t<p>A mai rohan\u00f3, t\u00f6meggy\u00e1rt\u00f3 vil\u00e1gban olyan rendel\u0151 megalap\u00edt\u00e1s\u00e1t \u00e1lmodtuk meg, ahol a p\u00e1ciens nem a sokadiknak \u00e9rzi mag\u00e1t, hanem az els\u0151nek.<\/p>\n<p>Ezenfel\u00fcl a St\u00fadi\u00f3nk a pr\u00e9mium, digit\u00e1lis fogszab\u00e1lyoz\u00e1si szolg\u00e1ltat\u00e1sok mellett, elk\u00f6telezett a k\u00f6rnyezettudatos sz\u00e1j\u00e1pol\u00e1s mellett. T\u00f6reksz\u00fcnk ezt a szeml\u00e9letet a kezel\u0151sz\u00e9ken t\u00falra is kiterjeszteni k\u00fcl\u00f6nb\u00f6z\u0151 programokkal \u00e9s kamp\u00e1nyokkal.<\/p>\t\t\t\t\t\t\t\t<\/div>\n\t\t\t\t<\/div>\n\t\t\t\t<div class=\"elementor-element elementor-element-eb48e0c elementor-widget__width-initial elementor-widget elementor-widget-heading\" data-id=\"eb48e0c\" data-element_type=\"widget\" data-e-type=\"widget\" data-widget_type=\"heading.default\">\n\t\t\t\t<div class=\"elementor-widget-container\">\n\t\t\t\t\t<h2 class=\"elementor-heading-title elementor-size-default\">Kit keres\u00fcnk<\/h2>\t\t\t\t<\/div>\n\t\t\t\t<\/div>\n\t\t\t\t<div class=\"elementor-element elementor-element-f2ce72b elementor-widget-divider--view-line elementor-widget elementor-widget-divider\" data-id=\"f2ce72b\" data-element_type=\"widget\" data-e-type=\"widget\" data-widget_type=\"divider.default\">\n\t\t\t\t<div class=\"elementor-widget-container\">\n\t\t\t\t\t\t\t<div class=\"elementor-divider\">\n\t\t\t<span class=\"elementor-divider-separator\">\n\t\t\t\t\t\t<\/span>\n\t\t<\/div>\n\t\t\t\t\t\t<\/div>\n\t\t\t\t<\/div>\n\t\t\t\t<div class=\"elementor-element elementor-element-6e942d6 elementor-widget elementor-widget-text-editor\" data-id=\"6e942d6\" data-element_type=\"widget\" data-e-type=\"widget\" data-widget_type=\"text-editor.default\">\n\t\t\t\t<div class=\"elementor-widget-container\">\n\t\t\t\t\t\t\t\t\t<p>Azt az \u00faj dent\u00e1lhigi\u00e9nikus koll\u00e9g\u00e1t keress\u00fck aki nyitott a modern digit\u00e1lis technol\u00f3gia ir\u00e1ny\u00e1ban \u00e9s sz\u00edvesen dolgozna egy lelkes \u00e9s elk\u00f6telezett csapatban.\u00a0<\/p><p>A feladatk\u00f6r mag\u00e1ba foglalja a p\u00e1ciensek dent\u00e1lhigi\u00e9n\u00e9s ell\u00e1t\u00e1s\u00e1t \u00e9s akt\u00edv r\u00e9szv\u00e9telt a fogszab\u00e1lyoz\u00e1si kezel\u00e9sek sor\u00e1n.\u00a0<\/p><p>A legmodernebb digit\u00e1lis technol\u00f3gi\u00e1kkal dolgozunk, amely nagyban megk\u00f6nny\u00edti \u00e9s egyszer\u0171bb\u00e9 teszi munkafolyamatainkat.<\/p>\t\t\t\t\t\t\t\t<\/div>\n\t\t\t\t<\/div>\n\t\t\t\t<div class=\"elementor-element elementor-element-df14c63 elementor-widget__width-initial elementor-widget elementor-widget-heading\" data-id=\"df14c63\" data-element_type=\"widget\" data-e-type=\"widget\" data-widget_type=\"heading.default\">\n\t\t\t\t<div class=\"elementor-widget-container\">\n\t\t\t\t\t<h2 class=\"elementor-heading-title elementor-size-default\">Mi lesz a feladatod<\/h2>\t\t\t\t<\/div>\n\t\t\t\t<\/div>\n\t\t\t\t<div class=\"elementor-element elementor-element-1e91323 elementor-widget-divider--view-line elementor-widget elementor-widget-divider\" data-id=\"1e91323\" data-element_type=\"widget\" data-e-type=\"widget\" data-widget_type=\"divider.default\">\n\t\t\t\t<div class=\"elementor-widget-container\">\n\t\t\t\t\t\t\t<div class=\"elementor-divider\">\n\t\t\t<span class=\"elementor-divider-separator\">\n\t\t\t\t\t\t<\/span>\n\t\t<\/div>\n\t\t\t\t\t\t<\/div>\n\t\t\t\t<\/div>\n\t\t\t\t<div class=\"elementor-element elementor-element-14abcf4 elementor-widget-tablet__width-initial elementor-widget elementor-widget-text-editor\" data-id=\"14abcf4\" data-element_type=\"widget\" data-e-type=\"widget\" data-widget_type=\"text-editor.default\">\n\t\t\t\t<div class=\"elementor-widget-container\">\n\t\t\t\t\t\t\t\t\t<ul><li style=\"text-align: left;\">R\u00e9szv\u00e9tel a fogszab\u00e1lyoz\u00f3 kezel\u00e9sek el\u0151k\u00e9sz\u00edt\u00e9s\u00e9ben \u00e9s v\u00e9grehajt\u00e1s\u00e1ban.<\/li><li style=\"text-align: left;\">Dent\u00e1lhigi\u00e9n\u00e9s kezel\u00e9sek elv\u00e9gz\u00e9se: ultrahangos fogk\u0151elt\u00e1vol\u00edt\u00e1s, homokf\u00fav\u00e1s, pol\u00edroz\u00e1s..<\/li><li style=\"text-align: left;\">Digit\u00e1lis intraor\u00e1lis scannel\u00e9s (mindent megtan\u00edtunk:).<\/li><li style=\"text-align: left;\">R\u00f6ntgenfelv\u00e9telek k\u00e9sz\u00edt\u00e9se.<\/li><li style=\"text-align: left;\">F\u00e9nyk\u00e9pes dokument\u00e1ci\u00f3 k\u00e9sz\u00edt\u00e9se profi eszk\u00f6z\u00f6kkel.<\/li><li style=\"text-align: left;\">Az invisalign kezel\u00e9sek sor\u00e1n attachmementek ragaszt\u00e1sa, elt\u00e1vol\u00edt\u00e1sa, stb.<\/li><li style=\"text-align: left;\">P\u00e1ciensek inform\u00e1l\u00e1sa a kezel\u00e9si folyamatr\u00f3l \u00e9s az ut\u00f3kezel\u00e9si teend\u0151kr\u0151l.<\/li><li style=\"text-align: left;\">Adminisztr\u00e1ci\u00f3s feladatok ell\u00e1t\u00e1sa \u00e9s a betegdokument\u00e1ci\u00f3 karbantart\u00e1sa.<\/li><\/ul>\t\t\t\t\t\t\t\t<\/div>\n\t\t\t\t<\/div>\n\t\t\t\t<div class=\"elementor-element elementor-element-6117583 elementor-widget__width-initial elementor-widget elementor-widget-heading\" data-id=\"6117583\" data-element_type=\"widget\" data-e-type=\"widget\" data-widget_type=\"heading.default\">\n\t\t\t\t<div class=\"elementor-widget-container\">\n\t\t\t\t\t<h2 class=\"elementor-heading-title elementor-size-default\">Mit v\u00e1runk t\u0151led<\/h2>\t\t\t\t<\/div>\n\t\t\t\t<\/div>\n\t\t\t\t<div class=\"elementor-element elementor-element-6fe4a3a elementor-widget-divider--view-line elementor-widget elementor-widget-divider\" data-id=\"6fe4a3a\" data-element_type=\"widget\" data-e-type=\"widget\" data-widget_type=\"divider.default\">\n\t\t\t\t<div class=\"elementor-widget-container\">\n\t\t\t\t\t\t\t<div class=\"elementor-divider\">\n\t\t\t<span class=\"elementor-divider-separator\">\n\t\t\t\t\t\t<\/span>\n\t\t<\/div>\n\t\t\t\t\t\t<\/div>\n\t\t\t\t<\/div>\n\t\t\t\t<div class=\"elementor-element elementor-element-76d0980 elementor-widget-tablet__width-initial elementor-widget elementor-widget-text-editor\" data-id=\"76d0980\" data-element_type=\"widget\" data-e-type=\"widget\" data-widget_type=\"text-editor.default\">\n\t\t\t\t<div class=\"elementor-widget-container\">\n\t\t\t\t\t\t\t\t\t<ul>\n<li style=\"text-align: left;\">J\u00f3 kommunik\u00e1ci\u00f3s \u00e9s kapcsolat teremt\u0151 k\u00e9pess\u00e9g.<\/li>\n<li style=\"text-align: left;\">Nyitotts\u00e1g \u00e9s tanul\u00e1si, fejl\u0151d\u00e9si v\u00e1gy.<\/li>\n<li style=\"text-align: left;\">Prec\u00edz, pontos munkav\u00e9gz\u00e9s.<\/li>\n<li style=\"text-align: left;\">Elk\u00f6telezett, loj\u00e1lis csapatmunka.<span style=\"font-size: 18px;\">&nbsp;<\/span><\/li>\n<\/ul>\t\t\t\t\t\t\t\t<\/div>\n\t\t\t\t<\/div>\n\t\t\t\t<div class=\"elementor-element elementor-element-c133f07 elementor-widget__width-initial elementor-widget-tablet__width-initial elementor-widget elementor-widget-heading\" data-id=\"c133f07\" data-element_type=\"widget\" data-e-type=\"widget\" data-widget_type=\"heading.default\">\n\t\t\t\t<div class=\"elementor-widget-container\">\n\t\t\t\t\t<h2 class=\"elementor-heading-title elementor-size-default\">Amit k\u00edn\u00e1lunk, ahogy dolgozunk<\/h2>\t\t\t\t<\/div>\n\t\t\t\t<\/div>\n\t\t\t\t<div class=\"elementor-element elementor-element-4e382af elementor-widget-divider--view-line elementor-widget elementor-widget-divider\" data-id=\"4e382af\" data-element_type=\"widget\" data-e-type=\"widget\" data-widget_type=\"divider.default\">\n\t\t\t\t<div class=\"elementor-widget-container\">\n\t\t\t\t\t\t\t<div class=\"elementor-divider\">\n\t\t\t<span class=\"elementor-divider-separator\">\n\t\t\t\t\t\t<\/span>\n\t\t<\/div>\n\t\t\t\t\t\t<\/div>\n\t\t\t\t<\/div>\n\t\t\t\t<div class=\"elementor-element elementor-element-3ba0b01 elementor-widget-tablet__width-initial elementor-widget elementor-widget-text-editor\" data-id=\"3ba0b01\" data-element_type=\"widget\" data-e-type=\"widget\" data-widget_type=\"text-editor.default\">\n\t\t\t\t<div class=\"elementor-widget-container\">\n\t\t\t\t\t\t\t\t\t<ul>\n<li style=\"text-align: left;\">R\u00e9szletes \u00e9s alapos betan\u00edt\u00e1s a munk\u00e1ba \u00e1ll\u00e1s elej\u00e9n.&nbsp;<\/li>\n<li style=\"text-align: left;\">Szakmai fejl\u0151d\u00e9s \u00e9s tov\u00e1bbk\u00e9pz\u00e9si lehet\u0151s\u00e9gek.<\/li>\n<li style=\"text-align: left;\"><span style=\"font-size: 18px; text-align: center;\">Modern munkak\u00f6rnyezet \u00e9s felszerel\u00e9s.<\/span><\/li>\n<li style=\"text-align: left;\">Digit\u00e1lis workflow.<\/li>\n<li style=\"text-align: left;\">Bar\u00e1ts\u00e1gos \u00e9s t\u00e1mogat\u00f3 csapat.<\/li>\n<li style=\"text-align: left;\">Inspirat\u00edv vezet\u00e9s.<\/li>\n<li style=\"text-align: left;\">R\u00e9szlegesen rugalmas munkabeoszt\u00e1s.<\/li>\n<li style=\"text-align: left;\">Versenyk\u00e9pes fizet\u00e9s \u00e9s juttat\u00e1si csomag.<\/li>\n<\/ul>\t\t\t\t\t\t\t\t<\/div>\n\t\t\t\t<\/div>\n\t\t\t\t<div class=\"elementor-element elementor-element-3c6045b elementor-widget__width-initial elementor-widget elementor-widget-heading\" data-id=\"3c6045b\" data-element_type=\"widget\" data-e-type=\"widget\" data-widget_type=\"heading.default\">\n\t\t\t\t<div class=\"elementor-widget-container\">\n\t\t\t\t\t<h2 class=\"elementor-heading-title elementor-size-default\">Jelentkez\u00e9s<\/h2>\t\t\t\t<\/div>\n\t\t\t\t<\/div>\n\t\t\t\t<div class=\"elementor-element elementor-element-ef29833 elementor-widget-divider--view-line elementor-widget elementor-widget-divider\" data-id=\"ef29833\" data-element_type=\"widget\" data-e-type=\"widget\" data-widget_type=\"divider.default\">\n\t\t\t\t<div class=\"elementor-widget-container\">\n\t\t\t\t\t\t\t<div class=\"elementor-divider\">\n\t\t\t<span class=\"elementor-divider-separator\">\n\t\t\t\t\t\t<\/span>\n\t\t<\/div>\n\t\t\t\t\t\t<\/div>\n\t\t\t\t<\/div>\n\t\t\t\t<div class=\"elementor-element elementor-element-996dad9 elementor-widget elementor-widget-text-editor\" data-id=\"996dad9\" data-element_type=\"widget\" data-e-type=\"widget\" data-widget_type=\"text-editor.default\">\n\t\t\t\t<div class=\"elementor-widget-container\">\n\t\t\t\t\t\t\t\t\t<p>Ez a munkak\u00f6r az agilis tanulni v\u00e1gy\u00f3 koll\u00e9g\u00e1knak ide\u00e1lis.<\/p><p><span style=\"font-size: 17px; letter-spacing: 0px;\">Amennyiben \u00fagy \u00e9rzed, hogy sz\u00edvesen r\u00e9szt venn\u00e9l egy dinamikus fog\u00e1szati csapatban \u00edrj n\u00e9h\u00e1ny sort, hogy milyen munkatapasztalatokkal rendelkezel \u00e9s mi\u00e9rt szeretn\u00e9l n\u00e1lunk dolgozni az <\/span><strong style=\"font-size: 17px; letter-spacing: 0px;\">info@ksfogszabalyozas.hu<\/strong><span style=\"font-size: 17px; letter-spacing: 0px;\"> e-mail c\u00edmre.<\/span><\/p><p>Kezd\u0151k jelentkez\u00e9s\u00e9t is sz\u00edvesen fogadjuk.<\/p><p>A t\u00e1rgy mez\u0151ben t\u00fcntesd fel a k\u00f6vetkez\u0151t: \u00c1<span style=\"font-size: 17px; font-style: normal; font-weight: 400;\">ll\u00e1sjelentkez\u00e9s |\u00a0<\/span><span style=\"font-size: 17px; font-weight: 400; letter-spacing: 0px;\">Fogszab\u00e1lyoz\u00f3 asszisztens |\u00a0<\/span><em style=\"font-size: 17px; font-weight: 400; letter-spacing: 0px;\">Neved<\/em><\/p>\t\t\t\t\t\t\t\t<\/div>\n\t\t\t\t<\/div>\n\t\t\t\t\t<\/div>\n\t\t<\/div>\n\t\t\t\t\t<\/div>\n\t\t<\/section>\n\t\t\t\t<\/div>\n\t\t","protected":false},"excerpt":{"rendered":"<p>Dent\u00e1lhigi\u00e9nikus\u00e1ll\u00e1s R\u00f3lunk A mai rohan\u00f3, t\u00f6meggy\u00e1rt\u00f3 vil\u00e1gban olyan rendel\u0151 megalap\u00edt\u00e1s\u00e1t \u00e1lmodtuk meg, ahol a p\u00e1ciens nem a sokadiknak \u00e9rzi mag\u00e1t, hanem az els\u0151nek. Ezenfel\u00fcl a St\u00fadi\u00f3nk a pr\u00e9mium, digit\u00e1lis fogszab\u00e1lyoz\u00e1si szolg\u00e1ltat\u00e1sok mellett, elk\u00f6telezett a k\u00f6rnyezettudatos sz\u00e1j\u00e1pol\u00e1s mellett. T\u00f6reksz\u00fcnk ezt a szeml\u00e9letet a kezel\u0151sz\u00e9ken t\u00falra is kiterjeszteni k\u00fcl\u00f6nb\u00f6z\u0151 programokkal \u00e9s kamp\u00e1nyokkal. Kit keres\u00fcnk Azt az \u00faj [&hellip;]<\/p>\n","protected":false},"author":2,"featured_media":6634,"parent":0,"menu_order":0,"comment_status":"closed","ping_status":"closed","template":"","meta":{"site-sidebar-layout":"no-sidebar","site-content-layout":"page-builder","ast-site-content-layout":"full-width-container","site-content-style":"unboxed","site-sidebar-style":"unboxed","ast-global-header-display":"","ast-banner-title-visibility":"","ast-main-header-display":"","ast-hfb-above-header-display":"","ast-hfb-below-header-display":"","ast-hfb-mobile-header-display":"","site-post-title":"disabled","ast-breadcrumbs-content":"","ast-featured-img":"disabled","footer-sml-layout":"","ast-disable-related-posts":"","theme-transparent-header-meta":"default","adv-header-id-meta":"","stick-header-meta":"","header-above-stick-meta":"","header-main-stick-meta":"","header-below-stick-meta":"","astra-migrate-meta-layouts":"set","ast-page-background-enabled":"default","ast-page-background-meta":{"desktop":{"background-color":"","background-image":"","background-repeat":"repeat","background-position":"center center","background-size":"auto","background-attachment":"scroll","background-type":"","background-media":"","overlay-type":"","overlay-color":"","overlay-opacity":"","overlay-gradient":""},"tablet":{"background-color":"","background-image":"","background-repeat":"repeat","background-position":"center center","background-size":"auto","background-attachment":"scroll","background-type":"","background-media":"","overlay-type":"","overlay-color":"","overlay-opacity":"","overlay-gradient":""},"mobile":{"background-color":"","background-image":"","background-repeat":"repeat","background-position":"center center","background-size":"auto","background-attachment":"scroll","background-type":"","background-media":"","overlay-type":"","overlay-color":"","overlay-opacity":"","overlay-gradient":""}},"ast-content-background-meta":{"desktop":{"background-color":"var(--ast-global-color-5)","background-image":"","background-repeat":"repeat","background-position":"center center","background-size":"auto","background-attachment":"scroll","background-type":"","background-media":"","overlay-type":"","overlay-color":"","overlay-opacity":"","overlay-gradient":""},"tablet":{"background-color":"var(--ast-global-color-5)","background-image":"","background-repeat":"repeat","background-position":"center center","background-size":"auto","background-attachment":"scroll","background-type":"","background-media":"","overlay-type":"","overlay-color":"","overlay-opacity":"","overlay-gradient":""},"mobile":{"background-color":"var(--ast-global-color-5)","background-image":"","background-repeat":"repeat","background-position":"center center","background-size":"auto","background-attachment":"scroll","background-type":"","background-media":"","overlay-type":"","overlay-color":"","overlay-opacity":"","overlay-gradient":""}},"footnotes":""},"class_list":["post-6659","page","type-page","status-publish","has-post-thumbnail","hentry"],"_links":{"self":[{"href":"https:\/\/ksfogszabalyozas.hu\/en\/wp-json\/wp\/v2\/pages\/6659","targetHints":{"allow":["GET"]}}],"collection":[{"href":"https:\/\/ksfogszabalyozas.hu\/en\/wp-json\/wp\/v2\/pages"}],"about":[{"href":"https:\/\/ksfogszabalyozas.hu\/en\/wp-json\/wp\/v2\/types\/page"}],"author":[{"embeddable":true,"href":"https:\/\/ksfogszabalyozas.hu\/en\/wp-json\/wp\/v2\/users\/2"}],"replies":[{"embeddable":true,"href":"https:\/\/ksfogszabalyozas.hu\/en\/wp-json\/wp\/v2\/comments?post=6659"}],"version-history":[{"count":0,"href":"https:\/\/ksfogszabalyozas.hu\/en\/wp-json\/wp\/v2\/pages\/6659\/revisions"}],"wp:featuredmedia":[{"embeddable":true,"href":"https:\/\/ksfogszabalyozas.hu\/en\/wp-json\/wp\/v2\/media\/6634"}],"wp:attachment":[{"href":"https:\/\/ksfogszabalyozas.hu\/en\/wp-json\/wp\/v2\/media?parent=6659"}],"curies":[{"name":"wp","href":"https:\/\/api.w.org\/{rel}","templated":true}]}}