{"id":6507,"date":"2023-12-20T17:07:52","date_gmt":"2023-12-20T17:07:52","guid":{"rendered":"https:\/\/ksfogszabalyozas.hu\/karrier-copy\/"},"modified":"2025-12-16T12:48:43","modified_gmt":"2025-12-16T12:48:43","slug":"recepcios-es-paciens-koordinator-karier","status":"publish","type":"page","link":"https:\/\/ksfogszabalyozas.hu\/en\/recepcios-es-paciens-koordinator-karier\/","title":{"rendered":"Recepci\u00f3s \u00e9s p\u00e1ciens koordin\u00e1tor"},"content":{"rendered":"\t\t<div data-elementor-type=\"wp-page\" data-elementor-id=\"6507\" class=\"elementor elementor-6507\" data-elementor-post-type=\"page\">\n\t\t\t\t\t\t<section class=\"elementor-section elementor-top-section elementor-element elementor-element-f6fbcee elementor-section-full_width elementor-section-height-default elementor-section-height-default\" data-id=\"f6fbcee\" data-element_type=\"section\" data-e-type=\"section\" data-settings=\"{&quot;background_background&quot;:&quot;classic&quot;,&quot;jet_parallax_layout_list&quot;:[{&quot;jet_parallax_layout_image&quot;:{&quot;url&quot;:&quot;&quot;,&quot;id&quot;:&quot;&quot;,&quot;size&quot;:&quot;&quot;},&quot;_id&quot;:&quot;87640d5&quot;,&quot;jet_parallax_layout_image_tablet&quot;:{&quot;url&quot;:&quot;&quot;,&quot;id&quot;:&quot;&quot;,&quot;size&quot;:&quot;&quot;},&quot;jet_parallax_layout_image_mobile&quot;:{&quot;url&quot;:&quot;&quot;,&quot;id&quot;:&quot;&quot;,&quot;size&quot;:&quot;&quot;},&quot;jet_parallax_layout_speed&quot;:{&quot;unit&quot;:&quot;%&quot;,&quot;size&quot;:50,&quot;sizes&quot;:[]},&quot;jet_parallax_layout_type&quot;:&quot;scroll&quot;,&quot;jet_parallax_layout_direction&quot;:&quot;1&quot;,&quot;jet_parallax_layout_fx_direction&quot;:null,&quot;jet_parallax_layout_z_index&quot;:&quot;&quot;,&quot;jet_parallax_layout_bg_x&quot;:50,&quot;jet_parallax_layout_bg_x_tablet&quot;:&quot;&quot;,&quot;jet_parallax_layout_bg_x_mobile&quot;:&quot;&quot;,&quot;jet_parallax_layout_bg_y&quot;:50,&quot;jet_parallax_layout_bg_y_tablet&quot;:&quot;&quot;,&quot;jet_parallax_layout_bg_y_mobile&quot;:&quot;&quot;,&quot;jet_parallax_layout_bg_size&quot;:&quot;auto&quot;,&quot;jet_parallax_layout_bg_size_tablet&quot;:&quot;&quot;,&quot;jet_parallax_layout_bg_size_mobile&quot;:&quot;&quot;,&quot;jet_parallax_layout_animation_prop&quot;:&quot;transform&quot;,&quot;jet_parallax_layout_on&quot;:[&quot;desktop&quot;,&quot;tablet&quot;]}]}\">\n\t\t\t\t\t\t<div class=\"elementor-container elementor-column-gap-default\">\n\t\t\t\t\t<div class=\"elementor-column elementor-col-50 elementor-top-column elementor-element elementor-element-a2baadc\" data-id=\"a2baadc\" data-element_type=\"column\" data-e-type=\"column\">\n\t\t\t<div class=\"elementor-widget-wrap elementor-element-populated\">\n\t\t\t\t\t\t<div class=\"elementor-element elementor-element-8f9e7bb elementor-hidden-desktop elementor-widget elementor-widget-image\" data-id=\"8f9e7bb\" data-element_type=\"widget\" data-e-type=\"widget\" data-widget_type=\"image.default\">\n\t\t\t\t<div class=\"elementor-widget-container\">\n\t\t\t\t\t\t\t\t\t\t\t\t\t\t\t<img fetchpriority=\"high\" decoding=\"async\" width=\"1024\" height=\"683\" src=\"https:\/\/ksfogszabalyozas.hu\/wp-content\/uploads\/2025\/11\/250725-DF-KS-Fogszabalyozuo-es-Dental-Studio-1421-1024x683.jpg\" class=\"attachment-large size-large wp-image-7805\" alt=\"\" srcset=\"https:\/\/ksfogszabalyozas.hu\/wp-content\/uploads\/2025\/11\/250725-DF-KS-Fogszabalyozuo-es-Dental-Studio-1421-1024x683.jpg 1024w, https:\/\/ksfogszabalyozas.hu\/wp-content\/uploads\/2025\/11\/250725-DF-KS-Fogszabalyozuo-es-Dental-Studio-1421-300x200.jpg 300w, https:\/\/ksfogszabalyozas.hu\/wp-content\/uploads\/2025\/11\/250725-DF-KS-Fogszabalyozuo-es-Dental-Studio-1421-768x512.jpg 768w, https:\/\/ksfogszabalyozas.hu\/wp-content\/uploads\/2025\/11\/250725-DF-KS-Fogszabalyozuo-es-Dental-Studio-1421-1536x1024.jpg 1536w, https:\/\/ksfogszabalyozas.hu\/wp-content\/uploads\/2025\/11\/250725-DF-KS-Fogszabalyozuo-es-Dental-Studio-1421-2048x1365.jpg 2048w, https:\/\/ksfogszabalyozas.hu\/wp-content\/uploads\/2025\/11\/250725-DF-KS-Fogszabalyozuo-es-Dental-Studio-1421-18x12.jpg 18w\" sizes=\"(max-width: 1024px) 100vw, 1024px\" \/>\t\t\t\t\t\t\t\t\t\t\t\t\t\t\t<\/div>\n\t\t\t\t<\/div>\n\t\t\t\t<div class=\"elementor-element elementor-element-ee91b98 elementor-widget__width-initial elementor-widget elementor-widget-heading\" data-id=\"ee91b98\" data-element_type=\"widget\" data-e-type=\"widget\" data-widget_type=\"heading.default\">\n\t\t\t\t<div class=\"elementor-widget-container\">\n\t\t\t\t\t<h1 class=\"elementor-heading-title elementor-size-default\">P\u00e1ciens koordin\u00e1tor \u00e9s<br>recepci\u00f3s<\/h1>\t\t\t\t<\/div>\n\t\t\t\t<\/div>\n\t\t\t\t\t<\/div>\n\t\t<\/div>\n\t\t\t\t<div class=\"elementor-column elementor-col-50 elementor-top-column elementor-element elementor-element-c13fad4 elementor-hidden-tablet\" data-id=\"c13fad4\" data-element_type=\"column\" data-e-type=\"column\">\n\t\t\t<div class=\"elementor-widget-wrap\">\n\t\t\t\t\t\t\t<\/div>\n\t\t<\/div>\n\t\t\t\t\t<\/div>\n\t\t<\/section>\n\t\t\t\t<section class=\"elementor-section elementor-top-section elementor-element elementor-element-e7828ba elementor-section-boxed elementor-section-height-default elementor-section-height-default\" data-id=\"e7828ba\" data-element_type=\"section\" data-e-type=\"section\" data-settings=\"{&quot;background_background&quot;:&quot;classic&quot;,&quot;jet_parallax_layout_list&quot;:[{&quot;jet_parallax_layout_image&quot;:{&quot;url&quot;:&quot;&quot;,&quot;id&quot;:&quot;&quot;,&quot;size&quot;:&quot;&quot;},&quot;_id&quot;:&quot;22917fa&quot;,&quot;jet_parallax_layout_image_tablet&quot;:{&quot;url&quot;:&quot;&quot;,&quot;id&quot;:&quot;&quot;,&quot;size&quot;:&quot;&quot;},&quot;jet_parallax_layout_image_mobile&quot;:{&quot;url&quot;:&quot;&quot;,&quot;id&quot;:&quot;&quot;,&quot;size&quot;:&quot;&quot;},&quot;jet_parallax_layout_speed&quot;:{&quot;unit&quot;:&quot;%&quot;,&quot;size&quot;:50,&quot;sizes&quot;:[]},&quot;jet_parallax_layout_type&quot;:&quot;scroll&quot;,&quot;jet_parallax_layout_direction&quot;:&quot;1&quot;,&quot;jet_parallax_layout_fx_direction&quot;:null,&quot;jet_parallax_layout_z_index&quot;:&quot;&quot;,&quot;jet_parallax_layout_bg_x&quot;:50,&quot;jet_parallax_layout_bg_x_tablet&quot;:&quot;&quot;,&quot;jet_parallax_layout_bg_x_mobile&quot;:&quot;&quot;,&quot;jet_parallax_layout_bg_y&quot;:50,&quot;jet_parallax_layout_bg_y_tablet&quot;:&quot;&quot;,&quot;jet_parallax_layout_bg_y_mobile&quot;:&quot;&quot;,&quot;jet_parallax_layout_bg_size&quot;:&quot;auto&quot;,&quot;jet_parallax_layout_bg_size_tablet&quot;:&quot;&quot;,&quot;jet_parallax_layout_bg_size_mobile&quot;:&quot;&quot;,&quot;jet_parallax_layout_animation_prop&quot;:&quot;transform&quot;,&quot;jet_parallax_layout_on&quot;:[&quot;desktop&quot;,&quot;tablet&quot;]}]}\">\n\t\t\t\t\t\t<div class=\"elementor-container elementor-column-gap-default\">\n\t\t\t\t\t<div class=\"elementor-column elementor-col-100 elementor-top-column elementor-element elementor-element-e5cced0\" data-id=\"e5cced0\" data-element_type=\"column\" data-e-type=\"column\">\n\t\t\t<div class=\"elementor-widget-wrap elementor-element-populated\">\n\t\t\t\t\t\t<div class=\"elementor-element elementor-element-d1cbe3a elementor-widget__width-initial elementor-widget elementor-widget-heading\" data-id=\"d1cbe3a\" data-element_type=\"widget\" data-e-type=\"widget\" data-widget_type=\"heading.default\">\n\t\t\t\t<div class=\"elementor-widget-container\">\n\t\t\t\t\t<h2 class=\"elementor-heading-title elementor-size-default\">R\u00f3lunk<\/h2>\t\t\t\t<\/div>\n\t\t\t\t<\/div>\n\t\t\t\t<div class=\"elementor-element elementor-element-8c5bba3 elementor-widget-divider--view-line elementor-widget elementor-widget-divider\" data-id=\"8c5bba3\" data-element_type=\"widget\" data-e-type=\"widget\" data-widget_type=\"divider.default\">\n\t\t\t\t<div class=\"elementor-widget-container\">\n\t\t\t\t\t\t\t<div class=\"elementor-divider\">\n\t\t\t<span class=\"elementor-divider-separator\">\n\t\t\t\t\t\t<\/span>\n\t\t<\/div>\n\t\t\t\t\t\t<\/div>\n\t\t\t\t<\/div>\n\t\t\t\t<div class=\"elementor-element elementor-element-b305721 elementor-widget elementor-widget-text-editor\" data-id=\"b305721\" data-element_type=\"widget\" data-e-type=\"widget\" data-widget_type=\"text-editor.default\">\n\t\t\t\t<div class=\"elementor-widget-container\">\n\t\t\t\t\t\t\t\t\t<p>Felgyorsult vil\u00e1gunkban, ahol a t\u00f6meggy\u00e1rt\u00e1s ir\u00e1ny\u00e1ba mutat minden, fontos sz\u00e1munkra, hogy p\u00e1cienseink egy\u00e9ni ig\u00e9nyeire kiemelt figyelmet ford\u00edtsunk, sz\u00e1munkra \u0150k az els\u0151k. Mi \u00edgy szeret\u00fcnk seg\u00edteni, gy\u00f3gy\u00edtani.<br><\/p>\n<p>Foszab\u00e1lyoz\u00f3 St\u00fadi\u00f3nk a pr\u00e9mium, digit\u00e1lis fogszab\u00e1lyoz\u00e1si szolg\u00e1ltat\u00e1sok mellett, elk\u00f6telezett a k\u00f6rnyezettudatos sz\u00e1j\u00e1pol\u00e1s ir\u00e1nt. T\u00f6reksz\u00fcnk ezt a szeml\u00e9letet a kezel\u0151sz\u00e9ken t\u00falra is kiterjeszteni k\u00fcl\u00f6nb\u00f6z\u0151 programokkal \u00e9s kamp\u00e1nyokkal.<\/p>\t\t\t\t\t\t\t\t<\/div>\n\t\t\t\t<\/div>\n\t\t\t\t<div class=\"elementor-element elementor-element-ccd5e8f elementor-widget__width-initial elementor-widget elementor-widget-heading\" data-id=\"ccd5e8f\" data-element_type=\"widget\" data-e-type=\"widget\" data-widget_type=\"heading.default\">\n\t\t\t\t<div class=\"elementor-widget-container\">\n\t\t\t\t\t<h2 class=\"elementor-heading-title elementor-size-default\">Kit keres\u00fcnk<\/h2>\t\t\t\t<\/div>\n\t\t\t\t<\/div>\n\t\t\t\t<div class=\"elementor-element elementor-element-ead69bd elementor-widget-divider--view-line elementor-widget elementor-widget-divider\" data-id=\"ead69bd\" data-element_type=\"widget\" data-e-type=\"widget\" data-widget_type=\"divider.default\">\n\t\t\t\t<div class=\"elementor-widget-container\">\n\t\t\t\t\t\t\t<div class=\"elementor-divider\">\n\t\t\t<span class=\"elementor-divider-separator\">\n\t\t\t\t\t\t<\/span>\n\t\t<\/div>\n\t\t\t\t\t\t<\/div>\n\t\t\t\t<\/div>\n\t\t\t\t<div class=\"elementor-element elementor-element-781c8b6 elementor-widget elementor-widget-text-editor\" data-id=\"781c8b6\" data-element_type=\"widget\" data-e-type=\"widget\" data-widget_type=\"text-editor.default\">\n\t\t\t\t<div class=\"elementor-widget-container\">\n\t\t\t\t\t\t\t\t\t<p>Szeretettel v\u00e1rjuk jelentkez\u00e9sed\u00a0 recepci\u00f3s munkak\u00f6rbe pr\u00e9muim Fogszab\u00e1lyoz\u00f3 St\u00fadi\u00f3nkba.\u00a0<\/p><p>C\u00e9lunk, hogy olyan elk\u00f6telezett \u00e9s bar\u00e1ts\u00e1gos koll\u00e9g\u00e1t tal\u00e1ljunk, aki hozz\u00e1j\u00e1rul a p\u00e1cienseink k\u00e9nyelm\u00e9hez \u00e9s a rendel\u0151 z\u00f6kken\u0151mentes m\u0171k\u00f6d\u00e9s\u00e9hez.<\/p>\t\t\t\t\t\t\t\t<\/div>\n\t\t\t\t<\/div>\n\t\t\t\t<div class=\"elementor-element elementor-element-eb48e0c elementor-widget__width-initial elementor-widget elementor-widget-heading\" data-id=\"eb48e0c\" data-element_type=\"widget\" data-e-type=\"widget\" data-widget_type=\"heading.default\">\n\t\t\t\t<div class=\"elementor-widget-container\">\n\t\t\t\t\t<h2 class=\"elementor-heading-title elementor-size-default\">Mi lesz a feladatod<\/h2>\t\t\t\t<\/div>\n\t\t\t\t<\/div>\n\t\t\t\t<div class=\"elementor-element elementor-element-1e91323 elementor-widget-divider--view-line elementor-widget elementor-widget-divider\" data-id=\"1e91323\" data-element_type=\"widget\" data-e-type=\"widget\" data-widget_type=\"divider.default\">\n\t\t\t\t<div class=\"elementor-widget-container\">\n\t\t\t\t\t\t\t<div class=\"elementor-divider\">\n\t\t\t<span class=\"elementor-divider-separator\">\n\t\t\t\t\t\t<\/span>\n\t\t<\/div>\n\t\t\t\t\t\t<\/div>\n\t\t\t\t<\/div>\n\t\t\t\t<div class=\"elementor-element elementor-element-b1d6ef0 elementor-widget__width-initial elementor-widget elementor-widget-text-editor\" data-id=\"b1d6ef0\" data-element_type=\"widget\" data-e-type=\"widget\" data-widget_type=\"text-editor.default\">\n\t\t\t\t<div class=\"elementor-widget-container\">\n\t\t\t\t\t\t\t\t\t<p>\u00a0<\/p><ul><li style=\"text-align: left;\">\u00dcgyf\u00e9lmenedzsment: id\u0151pont- \u00e9s kezel\u00e9si koordin\u00e1ci\u00f3\u00a0<\/li><li style=\"text-align: left;\">St\u00fadi\u00f3nkba \u00e9rkez\u0151 \u00fcgyfelek fogad\u00e1sa \u00e9s regisztr\u00e1ci\u00f3ja.<\/li><li style=\"text-align: left;\">Telefonos \u00e9s szem\u00e9lyes \u00fcgyf\u00e9lszolg\u00e1lat.<\/li><li style=\"text-align: left;\">Kommunik\u00e1ci\u00f3 a kezel\u0151szob\u00e1k \u00e9s a p\u00e1ciensek k\u00f6z\u00f6tt.<\/li><li style=\"text-align: left;\">Sz\u00f3ban \u00e9s \u00edr\u00e1sban \u00e9rkez\u0151 \u00fcgyf\u00e9lig\u00e9nyek teljes k\u00f6r\u0171, min\u0151s\u00e9gi \u00e9s szakszer\u0171 kezel\u00e9se magyar \u00e9s angol nyelven.<\/li><li style=\"text-align: left;\">A recepci\u00f3 \u00e9s \u00fcgyf\u00e9lv\u00e1r\u00f3 rendj\u00e9nek fenntart\u00e1sa.<\/li><li style=\"text-align: left;\">A munkak\u00f6rrel kapcsolatos adminisztrat\u00edv feladatok ell\u00e1t\u00e1sa.<\/li><li style=\"text-align: left;\">\u00c1ltal\u00e1nos (nem orvosi m\u0171k\u00f6d\u00e9shez sz\u00fcks\u00e9ges) beszerz\u00e9s.<\/li><\/ul>\t\t\t\t\t\t\t\t<\/div>\n\t\t\t\t<\/div>\n\t\t\t\t<div class=\"elementor-element elementor-element-6117583 elementor-widget__width-initial elementor-widget elementor-widget-heading\" data-id=\"6117583\" data-element_type=\"widget\" data-e-type=\"widget\" data-widget_type=\"heading.default\">\n\t\t\t\t<div class=\"elementor-widget-container\">\n\t\t\t\t\t<h2 class=\"elementor-heading-title elementor-size-default\">Mit v\u00e1runk t\u0151led<\/h2>\t\t\t\t<\/div>\n\t\t\t\t<\/div>\n\t\t\t\t<div class=\"elementor-element elementor-element-6fe4a3a elementor-widget-divider--view-line elementor-widget elementor-widget-divider\" data-id=\"6fe4a3a\" data-element_type=\"widget\" data-e-type=\"widget\" data-widget_type=\"divider.default\">\n\t\t\t\t<div class=\"elementor-widget-container\">\n\t\t\t\t\t\t\t<div class=\"elementor-divider\">\n\t\t\t<span class=\"elementor-divider-separator\">\n\t\t\t\t\t\t<\/span>\n\t\t<\/div>\n\t\t\t\t\t\t<\/div>\n\t\t\t\t<\/div>\n\t\t\t\t<div class=\"elementor-element elementor-element-76d0980 elementor-widget__width-initial elementor-widget elementor-widget-text-editor\" data-id=\"76d0980\" data-element_type=\"widget\" data-e-type=\"widget\" data-widget_type=\"text-editor.default\">\n\t\t\t\t<div class=\"elementor-widget-container\">\n\t\t\t\t\t\t\t\t\t<ul><li style=\"text-align: left;\">Kiv\u00e1l\u00f3 kommunik\u00e1ci\u00f3s \u00e9s probl\u00e9mamegold\u00f3 k\u00e9szs\u00e9gek.<\/li><li style=\"text-align: left;\"><span style=\"color: var( --e-global-color-f330ac8 ); font-size: 17px; letter-spacing: 0px; background-color: var( --e-global-color-astglobalcolor4 ); text-align: center;\">Bar\u00e1ts\u00e1gos \u00e9s seg\u00edt\u0151k\u00e9sz hozz\u00e1\u00e1ll\u00e1s.<\/span><\/li><li style=\"text-align: left;\"><span style=\"font-size: 18px; color: var( --e-global-color-f330ac8 ); text-align: center; background-color: var( --e-global-color-astglobalcolor4 );\">Rugalmass\u00e1g \u00e9s hat\u00e9kony id\u0151gazd\u00e1lkod\u00e1s.<\/span><\/li><li style=\"text-align: left;\"><span style=\"font-size: 18px; color: var( --e-global-color-f330ac8 ); text-align: center; background-color: var( --e-global-color-astglobalcolor4 );\">Sz\u00e1m\u00edt\u00f3g\u00e9pes ismeretek.<\/span><\/li><li style=\"text-align: left;\"><span style=\"font-size: 18px; color: var( --e-global-color-f330ac8 ); text-align: center; background-color: var( --e-global-color-astglobalcolor4 );\">El\u0151ny: eg\u00e9szs\u00e9g\u00fcgyi ter\u00fcleten szerzett tapasztalat (nem k\u00f6vetelm\u00e9ny).<\/span><\/li><\/ul><div>\u00a0<\/div>\t\t\t\t\t\t\t\t<\/div>\n\t\t\t\t<\/div>\n\t\t\t\t<div class=\"elementor-element elementor-element-c133f07 elementor-widget__width-initial elementor-widget-tablet__width-initial elementor-widget elementor-widget-heading\" data-id=\"c133f07\" data-element_type=\"widget\" data-e-type=\"widget\" data-widget_type=\"heading.default\">\n\t\t\t\t<div class=\"elementor-widget-container\">\n\t\t\t\t\t<h2 class=\"elementor-heading-title elementor-size-default\">Amit k\u00edn\u00e1lunk, ahogy dolgozunk<\/h2>\t\t\t\t<\/div>\n\t\t\t\t<\/div>\n\t\t\t\t<div class=\"elementor-element elementor-element-4e382af elementor-widget-divider--view-line elementor-widget elementor-widget-divider\" data-id=\"4e382af\" data-element_type=\"widget\" data-e-type=\"widget\" data-widget_type=\"divider.default\">\n\t\t\t\t<div class=\"elementor-widget-container\">\n\t\t\t\t\t\t\t<div class=\"elementor-divider\">\n\t\t\t<span class=\"elementor-divider-separator\">\n\t\t\t\t\t\t<\/span>\n\t\t<\/div>\n\t\t\t\t\t\t<\/div>\n\t\t\t\t<\/div>\n\t\t\t\t<div class=\"elementor-element elementor-element-3ba0b01 elementor-widget__width-initial elementor-widget elementor-widget-text-editor\" data-id=\"3ba0b01\" data-element_type=\"widget\" data-e-type=\"widget\" data-widget_type=\"text-editor.default\">\n\t\t\t\t<div class=\"elementor-widget-container\">\n\t\t\t\t\t\t\t\t\t<ul><li style=\"text-align: left;\">Modern munkak\u00f6rnyezet \u00e9s technol\u00f3giai h\u00e1tt\u00e9r. (pl. pap\u00edrmentes dokument\u00e1ci\u00f3, digit\u00e1lis high-tech megold\u00e1sok)<\/li><li style=\"text-align: left;\">J\u00f3l kidolgozott, egyszer\u0171en k\u00f6vethet\u0151 protokollok.<\/li><li style=\"text-align: left;\">Szakmai fejl\u0151d\u00e9si \u00e9s tov\u00e1bbk\u00e9pz\u00e9si lehet\u0151s\u00e9gek.<\/li><li style=\"text-align: left;\">Bar\u00e1ts\u00e1gos \u00e9s \u00f6sszetart\u00f3 csapat.<\/li><li style=\"text-align: left;\">Inspir\u00e1l\u00f3, motiv\u00e1l\u00f3 vezet\u00e9s.<\/li><li style=\"text-align: left;\"><span style=\"font-size: 18px; color: var( --e-global-color-f330ac8 ); background-color: var( --e-global-color-astglobalcolor4 );\">\u00d3rad\u00edj alap\u00fa magas fizet\u00e9s, vagy fix havi bejelent\u00e9s egy\u00e9b juttat\u00e1sokkal. Havi minimum 400.000,- Ft nett\u00f3 fizet\u00e9s + t\u00fal\u00f3rab\u00e9r \/ egy\u00e9b juttat\u00e1sok \u00e9s b\u00f3nusz<\/span><\/li><\/ul><div style=\"text-align: left;\">\u00a0<\/div>\t\t\t\t\t\t\t\t<\/div>\n\t\t\t\t<\/div>\n\t\t\t\t<div class=\"elementor-element elementor-element-3c6045b elementor-widget__width-initial elementor-widget elementor-widget-heading\" data-id=\"3c6045b\" data-element_type=\"widget\" data-e-type=\"widget\" data-widget_type=\"heading.default\">\n\t\t\t\t<div class=\"elementor-widget-container\">\n\t\t\t\t\t<h2 class=\"elementor-heading-title elementor-size-default\">Jelentkez\u00e9s<\/h2>\t\t\t\t<\/div>\n\t\t\t\t<\/div>\n\t\t\t\t<div class=\"elementor-element elementor-element-ef29833 elementor-widget-divider--view-line elementor-widget elementor-widget-divider\" data-id=\"ef29833\" data-element_type=\"widget\" data-e-type=\"widget\" data-widget_type=\"divider.default\">\n\t\t\t\t<div class=\"elementor-widget-container\">\n\t\t\t\t\t\t\t<div class=\"elementor-divider\">\n\t\t\t<span class=\"elementor-divider-separator\">\n\t\t\t\t\t\t<\/span>\n\t\t<\/div>\n\t\t\t\t\t\t<\/div>\n\t\t\t\t<\/div>\n\t\t\t\t<div class=\"elementor-element elementor-element-996dad9 elementor-widget elementor-widget-text-editor\" data-id=\"996dad9\" data-element_type=\"widget\" data-e-type=\"widget\" data-widget_type=\"text-editor.default\">\n\t\t\t\t<div class=\"elementor-widget-container\">\n\t\t\t\t\t\t\t\t\t<p>Amennyiben sz\u00edvesen csatlakozn\u00e1l hozz\u00e1nk, k\u00e9r\u00fcnk \u00edrj n\u00e9h\u00e1ny sort, hogy eddig milyen tapasztalatokkal rendelkezel \u00e9s mi\u00e9rt szeretn\u00e9l n\u00e1lunk dolgozni az <strong>iroda@ksfogszabalyozas.hu<\/strong> e-mail c\u00edmre. Ezut\u00e1n felvessz\u00fck veled a kapcsolatot.<\/p>\n<p>A t\u00e1rgy mez\u0151ben t\u00fcntesd fel a k\u00f6vetkez\u0151t: \u00c1<span style=\"font-size: 17px; font-style: normal; font-weight: 400;\">ll\u00e1sjelentkez\u00e9s |&nbsp;<\/span><span style=\"font-size: 17px; font-weight: 400; letter-spacing: 0px;\">P\u00e1ciens koordin\u00e1tor |&nbsp;<\/span><em style=\"font-size: 17px; font-weight: 400; letter-spacing: 0px;\">Neved<\/em><\/p>\n<p><em style=\"font-size: 17px; font-weight: 400; letter-spacing: 0px;\">Szeretettel v\u00e1runk a csapatunkba!<\/em><\/p>\t\t\t\t\t\t\t\t<\/div>\n\t\t\t\t<\/div>\n\t\t\t\t\t<\/div>\n\t\t<\/div>\n\t\t\t\t\t<\/div>\n\t\t<\/section>\n\t\t\t\t<\/div>\n\t\t","protected":false},"excerpt":{"rendered":"<p>P\u00e1ciens koordin\u00e1tor \u00e9srecepci\u00f3s R\u00f3lunk Felgyorsult vil\u00e1gunkban, ahol a t\u00f6meggy\u00e1rt\u00e1s ir\u00e1ny\u00e1ba mutat minden, fontos sz\u00e1munkra, hogy p\u00e1cienseink egy\u00e9ni ig\u00e9nyeire kiemelt figyelmet ford\u00edtsunk, sz\u00e1munkra \u0150k az els\u0151k. Mi \u00edgy szeret\u00fcnk seg\u00edteni, gy\u00f3gy\u00edtani. Foszab\u00e1lyoz\u00f3 St\u00fadi\u00f3nk a pr\u00e9mium, digit\u00e1lis fogszab\u00e1lyoz\u00e1si szolg\u00e1ltat\u00e1sok mellett, elk\u00f6telezett a k\u00f6rnyezettudatos sz\u00e1j\u00e1pol\u00e1s ir\u00e1nt. T\u00f6reksz\u00fcnk ezt a szeml\u00e9letet a kezel\u0151sz\u00e9ken t\u00falra is kiterjeszteni k\u00fcl\u00f6nb\u00f6z\u0151 programokkal \u00e9s [&hellip;]<\/p>\n","protected":false},"author":2,"featured_media":6632,"parent":0,"menu_order":0,"comment_status":"closed","ping_status":"closed","template":"","meta":{"site-sidebar-layout":"no-sidebar","site-content-layout":"page-builder","ast-site-content-layout":"full-width-container","site-content-style":"unboxed","site-sidebar-style":"unboxed","ast-global-header-display":"","ast-banner-title-visibility":"","ast-main-header-display":"","ast-hfb-above-header-display":"","ast-hfb-below-header-display":"","ast-hfb-mobile-header-display":"","site-post-title":"disabled","ast-breadcrumbs-content":"","ast-featured-img":"disabled","footer-sml-layout":"","ast-disable-related-posts":"","theme-transparent-header-meta":"default","adv-header-id-meta":"","stick-header-meta":"","header-above-stick-meta":"","header-main-stick-meta":"","header-below-stick-meta":"","astra-migrate-meta-layouts":"set","ast-page-background-enabled":"default","ast-page-background-meta":{"desktop":{"background-color":"","background-image":"","background-repeat":"repeat","background-position":"center center","background-size":"auto","background-attachment":"scroll","background-type":"","background-media":"","overlay-type":"","overlay-color":"","overlay-opacity":"","overlay-gradient":""},"tablet":{"background-color":"","background-image":"","background-repeat":"repeat","background-position":"center center","background-size":"auto","background-attachment":"scroll","background-type":"","background-media":"","overlay-type":"","overlay-color":"","overlay-opacity":"","overlay-gradient":""},"mobile":{"background-color":"","background-image":"","background-repeat":"repeat","background-position":"center center","background-size":"auto","background-attachment":"scroll","background-type":"","background-media":"","overlay-type":"","overlay-color":"","overlay-opacity":"","overlay-gradient":""}},"ast-content-background-meta":{"desktop":{"background-color":"var(--ast-global-color-5)","background-image":"","background-repeat":"repeat","background-position":"center center","background-size":"auto","background-attachment":"scroll","background-type":"","background-media":"","overlay-type":"","overlay-color":"","overlay-opacity":"","overlay-gradient":""},"tablet":{"background-color":"var(--ast-global-color-5)","background-image":"","background-repeat":"repeat","background-position":"center center","background-size":"auto","background-attachment":"scroll","background-type":"","background-media":"","overlay-type":"","overlay-color":"","overlay-opacity":"","overlay-gradient":""},"mobile":{"background-color":"var(--ast-global-color-5)","background-image":"","background-repeat":"repeat","background-position":"center center","background-size":"auto","background-attachment":"scroll","background-type":"","background-media":"","overlay-type":"","overlay-color":"","overlay-opacity":"","overlay-gradient":""}},"footnotes":""},"class_list":["post-6507","page","type-page","status-publish","has-post-thumbnail","hentry"],"_links":{"self":[{"href":"https:\/\/ksfogszabalyozas.hu\/en\/wp-json\/wp\/v2\/pages\/6507","targetHints":{"allow":["GET"]}}],"collection":[{"href":"https:\/\/ksfogszabalyozas.hu\/en\/wp-json\/wp\/v2\/pages"}],"about":[{"href":"https:\/\/ksfogszabalyozas.hu\/en\/wp-json\/wp\/v2\/types\/page"}],"author":[{"embeddable":true,"href":"https:\/\/ksfogszabalyozas.hu\/en\/wp-json\/wp\/v2\/users\/2"}],"replies":[{"embeddable":true,"href":"https:\/\/ksfogszabalyozas.hu\/en\/wp-json\/wp\/v2\/comments?post=6507"}],"version-history":[{"count":11,"href":"https:\/\/ksfogszabalyozas.hu\/en\/wp-json\/wp\/v2\/pages\/6507\/revisions"}],"predecessor-version":[{"id":8310,"href":"https:\/\/ksfogszabalyozas.hu\/en\/wp-json\/wp\/v2\/pages\/6507\/revisions\/8310"}],"wp:featuredmedia":[{"embeddable":true,"href":"https:\/\/ksfogszabalyozas.hu\/en\/wp-json\/wp\/v2\/media\/6632"}],"wp:attachment":[{"href":"https:\/\/ksfogszabalyozas.hu\/en\/wp-json\/wp\/v2\/media?parent=6507"}],"curies":[{"name":"wp","href":"https:\/\/api.w.org\/{rel}","templated":true}]}}